{"id":5271,"date":"2026-03-02T13:31:41","date_gmt":"2026-03-02T12:31:41","guid":{"rendered":"https:\/\/amis-parc-foret-orient.fr\/?page_id=5271"},"modified":"2026-03-09T15:36:21","modified_gmt":"2026-03-09T14:36:21","slug":"assemblee-generale-2026","status":"publish","type":"page","link":"https:\/\/amis-parc-foret-orient.fr\/index.php\/notre-association\/assemblee-generale-2026\/","title":{"rendered":"Assembl\u00e9e G\u00e9n\u00e9rale 2026"},"content":{"rendered":"\t\t<div data-elementor-type=\"wp-page\" data-elementor-id=\"5271\" class=\"elementor elementor-5271\" data-elementor-settings=\"{&quot;ha_cmc_init_switcher&quot;:&quot;no&quot;}\">\n\t\t\t\t<div class=\"elementor-element elementor-element-01c7137 e-flex e-con-boxed e-con e-parent\" data-id=\"01c7137\" data-element_type=\"container\" data-e-type=\"container\" data-settings=\"{&quot;_ha_eqh_enable&quot;:false}\">\n\t\t\t\t\t<div class=\"e-con-inner\">\n\t\t\t\t<div class=\"elementor-element elementor-element-e38bd3b elementor-widget elementor-widget-heading\" data-id=\"e38bd3b\" data-element_type=\"widget\" data-e-type=\"widget\" data-widget_type=\"heading.default\">\n\t\t\t\t\t<h2 class=\"elementor-heading-title elementor-size-default\">Compte-rendu de l'assembl\u00e9e g\u00e9n\u00e9rale du vendredi 6 f\u00e9vrier 2026<\/h2>\t\t\t\t<\/div>\n\t\t<div class=\"elementor-element elementor-element-011d703 e-grid e-con-full e-con e-child\" data-id=\"011d703\" data-element_type=\"container\" data-e-type=\"container\" data-settings=\"{&quot;_ha_eqh_enable&quot;:false}\">\n\t\t\t\t<div class=\"elementor-element elementor-element-00f937e elementor-widget elementor-widget-image\" data-id=\"00f937e\" data-element_type=\"widget\" data-e-type=\"widget\" data-widget_type=\"image.default\">\n\t\t\t\t\t\t\t\t\t\t\t\t\t\t\t<img fetchpriority=\"high\" decoding=\"async\" width=\"640\" height=\"426\" src=\"https:\/\/amis-parc-foret-orient.fr\/wp-content\/uploads\/2026\/03\/aapnrfo-assemblee-generale-2026-01-1024x682.jpg\" class=\"attachment-large size-large wp-image-5285\" alt=\"\" srcset=\"https:\/\/amis-parc-foret-orient.fr\/wp-content\/uploads\/2026\/03\/aapnrfo-assemblee-generale-2026-01-1024x682.jpg 1024w, https:\/\/amis-parc-foret-orient.fr\/wp-content\/uploads\/2026\/03\/aapnrfo-assemblee-generale-2026-01-300x200.jpg 300w, https:\/\/amis-parc-foret-orient.fr\/wp-content\/uploads\/2026\/03\/aapnrfo-assemblee-generale-2026-01-768x512.jpg 768w, https:\/\/amis-parc-foret-orient.fr\/wp-content\/uploads\/2026\/03\/aapnrfo-assemblee-generale-2026-01-1536x1024.jpg 1536w, https:\/\/amis-parc-foret-orient.fr\/wp-content\/uploads\/2026\/03\/aapnrfo-assemblee-generale-2026-01.jpg 2000w\" sizes=\"(max-width: 640px) 100vw, 640px\" \/>\t\t\t\t\t\t\t\t\t\t\t\t\t\t\t<\/div>\n\t\t\t\t<div class=\"elementor-element elementor-element-2af8eb2 elementor-widget elementor-widget-image\" data-id=\"2af8eb2\" data-element_type=\"widget\" data-e-type=\"widget\" data-widget_type=\"image.default\">\n\t\t\t\t\t\t\t\t\t\t\t\t\t\t\t<img decoding=\"async\" width=\"640\" height=\"426\" src=\"https:\/\/amis-parc-foret-orient.fr\/wp-content\/uploads\/2026\/03\/aapnrfo-assemblee-generale-2026-02-1024x682.jpg\" class=\"attachment-large size-large wp-image-5284\" alt=\"\" srcset=\"https:\/\/amis-parc-foret-orient.fr\/wp-content\/uploads\/2026\/03\/aapnrfo-assemblee-generale-2026-02-1024x682.jpg 1024w, https:\/\/amis-parc-foret-orient.fr\/wp-content\/uploads\/2026\/03\/aapnrfo-assemblee-generale-2026-02-300x200.jpg 300w, https:\/\/amis-parc-foret-orient.fr\/wp-content\/uploads\/2026\/03\/aapnrfo-assemblee-generale-2026-02-768x512.jpg 768w, https:\/\/amis-parc-foret-orient.fr\/wp-content\/uploads\/2026\/03\/aapnrfo-assemblee-generale-2026-02-1536x1024.jpg 1536w, https:\/\/amis-parc-foret-orient.fr\/wp-content\/uploads\/2026\/03\/aapnrfo-assemblee-generale-2026-02.jpg 2000w\" sizes=\"(max-width: 640px) 100vw, 640px\" \/>\t\t\t\t\t\t\t\t\t\t\t\t\t\t\t<\/div>\n\t\t\t\t<\/div>\n\t\t\t\t<div class=\"elementor-element elementor-element-95d672d elementor-widget elementor-widget-text-editor\" data-id=\"95d672d\" data-element_type=\"widget\" data-e-type=\"widget\" data-widget_type=\"text-editor.default\">\n\t\t\t\t\t\t\t\t\t<h3><span class=\"fontstyle0\">SOMMAIRE<\/span><\/h3><h4><span class=\"fontstyle0\">RAPPORT D\u2019ACTIVITES 2025<\/span><\/h4><ul><li><span class=\"fontstyle0\">Vie statutaire<\/span><\/li><li><span class=\"fontstyle0\">Actions de valorisation du patrimoine culturel<br \/><\/span><span class=\"fontstyle2\">Journ\u00e9es et apr\u00e8s-midi d\u00e9couverte<\/span><\/li><li><span class=\"fontstyle0\">Animations culturelles<br \/><\/span><span class=\"fontstyle2\">Animations culturelles<\/span><\/li><li><span class=\"fontstyle0\">Actions de valorisation du patrimoine naturel<br \/><\/span><span class=\"fontstyle2\">Sorties nature<br \/><\/span><span class=\"fontstyle2\">Randonn\u00e9es<\/span><\/li><li><span class=\"fontstyle0\">Information, communication<br \/><\/span><span class=\"fontstyle2\">Escarboucle et contacts avec nos adh\u00e9rents et les communes du PNRFO<\/span><\/li><li><span class=\"fontstyle0\">Actions vers le milieu scolaire<br \/><\/span><span class=\"fontstyle2\">Lancement d\u2019un nouveau projet p\u00e9dagogique et ateliers presse de jus de pommes<\/span><\/li><li><span class=\"fontstyle0\">Participation aux instances environnementales<br \/><\/span><span class=\"fontstyle2\">En tant qu\u2019association agr\u00e9\u00e9e protection de l\u2019environnement<\/span><\/li><li><span class=\"fontstyle0\">Pr\u00e9sence de l\u2019association<br \/><\/span><span class=\"fontstyle2\">Instances du PNRFO et autres \u00e9v\u00e9nements<\/span><\/li><\/ul><h4><span class=\"fontstyle0\">PROGRAMME DES ACTIVITES 2026<\/span><\/h4><h4><span class=\"fontstyle0\">RAPPORT MORAL<\/span><\/h4><h4><span class=\"fontstyle0\">SITUATION DES COMPTES AU 31 d\u00e9cembre 2025<\/span><\/h4><ul><li><span class=\"fontstyle2\">Proposition d\u2019augmentation de la cotisation \u00e0 l\u2019association<\/span><\/li><\/ul><h4><span class=\"fontstyle0\">BUDGET PREVISIONNEL 2026<\/span><\/h4><h4><span class=\"fontstyle0\">L\u2019ASSOCIATION<\/span><\/h4><ul><li><span class=\"fontstyle2\">Conseil d\u2019administration, Bureau et membres associ\u00e9s<\/span><\/li><li><span class=\"fontstyle2\">Commissions internes \u00e0 l\u2019association<\/span><\/li><\/ul><h4><span class=\"fontstyle0\">REPR\u00c9SENTATIONS<\/span><\/h4>\t\t\t\t\t\t\t\t<\/div>\n\t\t\t\t\t<\/div>\n\t\t\t\t<\/div>\n\t\t<div class=\"elementor-element elementor-element-57a95bc e-flex e-con-boxed e-con e-parent\" data-id=\"57a95bc\" data-element_type=\"container\" data-e-type=\"container\" data-settings=\"{&quot;_ha_eqh_enable&quot;:false}\">\n\t\t\t\t\t<div class=\"e-con-inner\">\n\t\t<div class=\"elementor-element elementor-element-102fbcd e-con-full e-flex e-con e-child\" data-id=\"102fbcd\" data-element_type=\"container\" data-e-type=\"container\" data-settings=\"{&quot;_ha_eqh_enable&quot;:false}\">\n\t\t\t\t<div class=\"elementor-element elementor-element-771c9f6 elementor-widget elementor-widget-image\" data-id=\"771c9f6\" data-element_type=\"widget\" data-e-type=\"widget\" data-widget_type=\"image.default\">\n\t\t\t\t\t\t\t\t\t\t\t\t\t\t\t<img decoding=\"async\" width=\"640\" height=\"498\" src=\"https:\/\/amis-parc-foret-orient.fr\/wp-content\/uploads\/2026\/03\/compte-rendu-AG-2026-AAPNRFO.jpg\" class=\"attachment-large size-large wp-image-5286\" alt=\"\" srcset=\"https:\/\/amis-parc-foret-orient.fr\/wp-content\/uploads\/2026\/03\/compte-rendu-AG-2026-AAPNRFO.jpg 1000w, https:\/\/amis-parc-foret-orient.fr\/wp-content\/uploads\/2026\/03\/compte-rendu-AG-2026-AAPNRFO-300x233.jpg 300w, https:\/\/amis-parc-foret-orient.fr\/wp-content\/uploads\/2026\/03\/compte-rendu-AG-2026-AAPNRFO-768x598.jpg 768w\" sizes=\"(max-width: 640px) 100vw, 640px\" \/>\t\t\t\t\t\t\t\t\t\t\t\t\t\t\t<\/div>\n\t\t\t\t<\/div>\n\t\t<div class=\"elementor-element elementor-element-932d474 e-con-full e-flex e-con e-child\" data-id=\"932d474\" data-element_type=\"container\" data-e-type=\"container\" data-settings=\"{&quot;_ha_eqh_enable&quot;:false}\">\n\t\t\t\t<div class=\"elementor-element elementor-element-6d32e39 elementor-widget elementor-widget-text-editor\" data-id=\"6d32e39\" data-element_type=\"widget\" data-e-type=\"widget\" data-widget_type=\"text-editor.default\">\n\t\t\t\t\t\t\t\t\t<p><a href=\"https:\/\/amis-parc-foret-orient.fr\/wp-content\/uploads\/2026\/03\/compte-rendu-AG-2026-AAPNRFO-1.pdf\" target=\"_blank\" rel=\"noopener\">T\u00e9l\u00e9chargement du compte-rendu de l&rsquo;assembl\u00e9e g\u00e9n\u00e9rale 2026 de l&rsquo;association des Amis du PNRFO au format PDF<\/a><\/p>\t\t\t\t\t\t\t\t<\/div>\n\t\t\t\t<\/div>\n\t\t\t\t\t<\/div>\n\t\t\t\t<\/div>\n\t\t<div class=\"elementor-element elementor-element-4e23182 e-flex e-con-boxed e-con e-parent\" data-id=\"4e23182\" data-element_type=\"container\" data-e-type=\"container\" data-settings=\"{&quot;_ha_eqh_enable&quot;:false}\">\n\t\t\t\t\t<div class=\"e-con-inner\">\n\t\t\t\t<div class=\"elementor-element elementor-element-0a27c62 elementor-widget elementor-widget-text-editor\" data-id=\"0a27c62\" data-element_type=\"widget\" data-e-type=\"widget\" data-widget_type=\"text-editor.default\">\n\t\t\t\t\t\t\t\t\t<p>Prochaine assembl\u00e9e pr\u00e9vue le&#8230;<\/p>\t\t\t\t\t\t\t\t<\/div>\n\t\t\t\t\t<\/div>\n\t\t\t\t<\/div>\n\t\t\t\t<\/div>\n\t\t","protected":false},"excerpt":{"rendered":"<p>Compte-rendu de l&rsquo;assembl\u00e9e g\u00e9n\u00e9rale du vendredi 6 f\u00e9vrier 2026 SOMMAIRE RAPPORT D\u2019ACTIVITES 2025 Vie statutaire Actions de valorisation du patrimoine culturelJourn\u00e9es et apr\u00e8s-midi d\u00e9couverte Animations culturellesAnimations culturelles Actions de valorisation du patrimoine naturelSorties natureRandonn\u00e9es Information, communicationEscarboucle et contacts avec nos adh\u00e9rents et les communes du PNRFO Actions vers le milieu scolaireLancement d\u2019un nouveau projet p\u00e9dagogique [&hellip;]<\/p>\n","protected":false},"author":1,"featured_media":0,"parent":20,"menu_order":0,"comment_status":"closed","ping_status":"closed","template":"","meta":{"footnotes":"","_wp_rev_ctl_limit":""},"class_list":["post-5271","page","type-page","status-publish","hentry"],"yoast_head":"<!-- This site is optimized with the Yoast SEO plugin v27.4 - https:\/\/yoast.com\/product\/yoast-seo-wordpress\/ -->\n<title>Assembl\u00e9e G\u00e9n\u00e9rale 2026 - Les Amis du Parc de la For\u00eat d&#039;Orient<\/title>\n<meta name=\"robots\" content=\"index, follow, max-snippet:-1, max-image-preview:large, max-video-preview:-1\" \/>\n<link rel=\"canonical\" href=\"https:\/\/amis-parc-foret-orient.fr\/index.php\/notre-association\/assemblee-generale-2026\/\" \/>\n<meta property=\"og:locale\" content=\"fr_FR\" \/>\n<meta property=\"og:type\" content=\"article\" \/>\n<meta property=\"og:title\" content=\"Assembl\u00e9e G\u00e9n\u00e9rale 2026 - Les Amis du Parc de la For\u00eat d&#039;Orient\" \/>\n<meta property=\"og:description\" content=\"Compte-rendu de l&rsquo;assembl\u00e9e g\u00e9n\u00e9rale du vendredi 6 f\u00e9vrier 2026 SOMMAIRE RAPPORT D\u2019ACTIVITES 2025 Vie statutaire Actions de valorisation du patrimoine culturelJourn\u00e9es et apr\u00e8s-midi d\u00e9couverte Animations culturellesAnimations culturelles Actions de valorisation du patrimoine naturelSorties natureRandonn\u00e9es Information, communicationEscarboucle et contacts avec nos adh\u00e9rents et les communes du PNRFO Actions vers le milieu scolaireLancement d\u2019un nouveau projet p\u00e9dagogique [&hellip;]\" \/>\n<meta property=\"og:url\" content=\"https:\/\/amis-parc-foret-orient.fr\/index.php\/notre-association\/assemblee-generale-2026\/\" \/>\n<meta property=\"og:site_name\" content=\"Les Amis du Parc de la For\u00eat d&#039;Orient\" \/>\n<meta property=\"article:publisher\" content=\"https:\/\/www.facebook.com\/Amis.du.Parc\/\" \/>\n<meta property=\"article:modified_time\" content=\"2026-03-09T14:36:21+00:00\" \/>\n<meta property=\"og:image\" content=\"https:\/\/amis-parc-foret-orient.fr\/wp-content\/uploads\/2026\/03\/aapnrfo-assemblee-generale-2026-01.jpg\" \/>\n\t<meta property=\"og:image:width\" content=\"2000\" \/>\n\t<meta property=\"og:image:height\" content=\"1333\" \/>\n\t<meta property=\"og:image:type\" content=\"image\/jpeg\" \/>\n<meta name=\"twitter:card\" content=\"summary_large_image\" \/>\n<meta name=\"twitter:label1\" content=\"Dur\u00e9e de lecture estim\u00e9e\" \/>\n\t<meta name=\"twitter:data1\" content=\"1 minute\" \/>\n<script type=\"application\/ld+json\" class=\"yoast-schema-graph\">{\"@context\":\"https:\\\/\\\/schema.org\",\"@graph\":[{\"@type\":\"WebPage\",\"@id\":\"https:\\\/\\\/amis-parc-foret-orient.fr\\\/index.php\\\/notre-association\\\/assemblee-generale-2026\\\/\",\"url\":\"https:\\\/\\\/amis-parc-foret-orient.fr\\\/index.php\\\/notre-association\\\/assemblee-generale-2026\\\/\",\"name\":\"Assembl\u00e9e G\u00e9n\u00e9rale 2026 - Les Amis du Parc de la For\u00eat d&#039;Orient\",\"isPartOf\":{\"@id\":\"https:\\\/\\\/amis-parc-foret-orient.fr\\\/#website\"},\"primaryImageOfPage\":{\"@id\":\"https:\\\/\\\/amis-parc-foret-orient.fr\\\/index.php\\\/notre-association\\\/assemblee-generale-2026\\\/#primaryimage\"},\"image\":{\"@id\":\"https:\\\/\\\/amis-parc-foret-orient.fr\\\/index.php\\\/notre-association\\\/assemblee-generale-2026\\\/#primaryimage\"},\"thumbnailUrl\":\"https:\\\/\\\/amis-parc-foret-orient.fr\\\/wp-content\\\/uploads\\\/2026\\\/03\\\/aapnrfo-assemblee-generale-2026-01-1024x682.jpg\",\"datePublished\":\"2026-03-02T12:31:41+00:00\",\"dateModified\":\"2026-03-09T14:36:21+00:00\",\"breadcrumb\":{\"@id\":\"https:\\\/\\\/amis-parc-foret-orient.fr\\\/index.php\\\/notre-association\\\/assemblee-generale-2026\\\/#breadcrumb\"},\"inLanguage\":\"fr-FR\",\"potentialAction\":[{\"@type\":\"ReadAction\",\"target\":[\"https:\\\/\\\/amis-parc-foret-orient.fr\\\/index.php\\\/notre-association\\\/assemblee-generale-2026\\\/\"]}]},{\"@type\":\"ImageObject\",\"inLanguage\":\"fr-FR\",\"@id\":\"https:\\\/\\\/amis-parc-foret-orient.fr\\\/index.php\\\/notre-association\\\/assemblee-generale-2026\\\/#primaryimage\",\"url\":\"https:\\\/\\\/amis-parc-foret-orient.fr\\\/wp-content\\\/uploads\\\/2026\\\/03\\\/aapnrfo-assemblee-generale-2026-01.jpg\",\"contentUrl\":\"https:\\\/\\\/amis-parc-foret-orient.fr\\\/wp-content\\\/uploads\\\/2026\\\/03\\\/aapnrfo-assemblee-generale-2026-01.jpg\",\"width\":2000,\"height\":1333},{\"@type\":\"BreadcrumbList\",\"@id\":\"https:\\\/\\\/amis-parc-foret-orient.fr\\\/index.php\\\/notre-association\\\/assemblee-generale-2026\\\/#breadcrumb\",\"itemListElement\":[{\"@type\":\"ListItem\",\"position\":1,\"name\":\"Home\",\"item\":\"https:\\\/\\\/amis-parc-foret-orient.fr\\\/\"},{\"@type\":\"ListItem\",\"position\":2,\"name\":\"D\u00e9couvrir l&rsquo;association des Amis du Parc\",\"item\":\"https:\\\/\\\/amis-parc-foret-orient.fr\\\/index.php\\\/notre-association\\\/\"},{\"@type\":\"ListItem\",\"position\":3,\"name\":\"Assembl\u00e9e G\u00e9n\u00e9rale 2026\"}]},{\"@type\":\"WebSite\",\"@id\":\"https:\\\/\\\/amis-parc-foret-orient.fr\\\/#website\",\"url\":\"https:\\\/\\\/amis-parc-foret-orient.fr\\\/\",\"name\":\"Les Amis du Parc de la For\u00eat d'Orient\",\"description\":\"\",\"publisher\":{\"@id\":\"https:\\\/\\\/amis-parc-foret-orient.fr\\\/#organization\"},\"potentialAction\":[{\"@type\":\"SearchAction\",\"target\":{\"@type\":\"EntryPoint\",\"urlTemplate\":\"https:\\\/\\\/amis-parc-foret-orient.fr\\\/?s={search_term_string}\"},\"query-input\":{\"@type\":\"PropertyValueSpecification\",\"valueRequired\":true,\"valueName\":\"search_term_string\"}}],\"inLanguage\":\"fr-FR\"},{\"@type\":\"Organization\",\"@id\":\"https:\\\/\\\/amis-parc-foret-orient.fr\\\/#organization\",\"name\":\"Les Amis du Parc de la For\u00eat d'Orient\",\"url\":\"https:\\\/\\\/amis-parc-foret-orient.fr\\\/\",\"logo\":{\"@type\":\"ImageObject\",\"inLanguage\":\"fr-FR\",\"@id\":\"https:\\\/\\\/amis-parc-foret-orient.fr\\\/#\\\/schema\\\/logo\\\/image\\\/\",\"url\":\"https:\\\/\\\/amis-parc-foret-orient.fr\\\/wp-content\\\/uploads\\\/2025\\\/08\\\/cropped-logo_amis_parc_2025_150-1-1.png\",\"contentUrl\":\"https:\\\/\\\/amis-parc-foret-orient.fr\\\/wp-content\\\/uploads\\\/2025\\\/08\\\/cropped-logo_amis_parc_2025_150-1-1.png\",\"width\":400,\"height\":175,\"caption\":\"Les Amis du Parc de la For\u00eat d'Orient\"},\"image\":{\"@id\":\"https:\\\/\\\/amis-parc-foret-orient.fr\\\/#\\\/schema\\\/logo\\\/image\\\/\"},\"sameAs\":[\"https:\\\/\\\/www.facebook.com\\\/Amis.du.Parc\\\/\"]}]}<\/script>\n<!-- \/ Yoast SEO plugin. -->","yoast_head_json":{"title":"Assembl\u00e9e G\u00e9n\u00e9rale 2026 - Les Amis du Parc de la For\u00eat d&#039;Orient","robots":{"index":"index","follow":"follow","max-snippet":"max-snippet:-1","max-image-preview":"max-image-preview:large","max-video-preview":"max-video-preview:-1"},"canonical":"https:\/\/amis-parc-foret-orient.fr\/index.php\/notre-association\/assemblee-generale-2026\/","og_locale":"fr_FR","og_type":"article","og_title":"Assembl\u00e9e G\u00e9n\u00e9rale 2026 - Les Amis du Parc de la For\u00eat d&#039;Orient","og_description":"Compte-rendu de l&rsquo;assembl\u00e9e g\u00e9n\u00e9rale du vendredi 6 f\u00e9vrier 2026 SOMMAIRE RAPPORT D\u2019ACTIVITES 2025 Vie statutaire Actions de valorisation du patrimoine culturelJourn\u00e9es et apr\u00e8s-midi d\u00e9couverte Animations culturellesAnimations culturelles Actions de valorisation du patrimoine naturelSorties natureRandonn\u00e9es Information, communicationEscarboucle et contacts avec nos adh\u00e9rents et les communes du PNRFO Actions vers le milieu scolaireLancement d\u2019un nouveau projet p\u00e9dagogique [&hellip;]","og_url":"https:\/\/amis-parc-foret-orient.fr\/index.php\/notre-association\/assemblee-generale-2026\/","og_site_name":"Les Amis du Parc de la For\u00eat d&#039;Orient","article_publisher":"https:\/\/www.facebook.com\/Amis.du.Parc\/","article_modified_time":"2026-03-09T14:36:21+00:00","og_image":[{"width":2000,"height":1333,"url":"https:\/\/amis-parc-foret-orient.fr\/wp-content\/uploads\/2026\/03\/aapnrfo-assemblee-generale-2026-01.jpg","type":"image\/jpeg"}],"twitter_card":"summary_large_image","twitter_misc":{"Dur\u00e9e de lecture estim\u00e9e":"1 minute"},"schema":{"@context":"https:\/\/schema.org","@graph":[{"@type":"WebPage","@id":"https:\/\/amis-parc-foret-orient.fr\/index.php\/notre-association\/assemblee-generale-2026\/","url":"https:\/\/amis-parc-foret-orient.fr\/index.php\/notre-association\/assemblee-generale-2026\/","name":"Assembl\u00e9e G\u00e9n\u00e9rale 2026 - Les Amis du Parc de la For\u00eat d&#039;Orient","isPartOf":{"@id":"https:\/\/amis-parc-foret-orient.fr\/#website"},"primaryImageOfPage":{"@id":"https:\/\/amis-parc-foret-orient.fr\/index.php\/notre-association\/assemblee-generale-2026\/#primaryimage"},"image":{"@id":"https:\/\/amis-parc-foret-orient.fr\/index.php\/notre-association\/assemblee-generale-2026\/#primaryimage"},"thumbnailUrl":"https:\/\/amis-parc-foret-orient.fr\/wp-content\/uploads\/2026\/03\/aapnrfo-assemblee-generale-2026-01-1024x682.jpg","datePublished":"2026-03-02T12:31:41+00:00","dateModified":"2026-03-09T14:36:21+00:00","breadcrumb":{"@id":"https:\/\/amis-parc-foret-orient.fr\/index.php\/notre-association\/assemblee-generale-2026\/#breadcrumb"},"inLanguage":"fr-FR","potentialAction":[{"@type":"ReadAction","target":["https:\/\/amis-parc-foret-orient.fr\/index.php\/notre-association\/assemblee-generale-2026\/"]}]},{"@type":"ImageObject","inLanguage":"fr-FR","@id":"https:\/\/amis-parc-foret-orient.fr\/index.php\/notre-association\/assemblee-generale-2026\/#primaryimage","url":"https:\/\/amis-parc-foret-orient.fr\/wp-content\/uploads\/2026\/03\/aapnrfo-assemblee-generale-2026-01.jpg","contentUrl":"https:\/\/amis-parc-foret-orient.fr\/wp-content\/uploads\/2026\/03\/aapnrfo-assemblee-generale-2026-01.jpg","width":2000,"height":1333},{"@type":"BreadcrumbList","@id":"https:\/\/amis-parc-foret-orient.fr\/index.php\/notre-association\/assemblee-generale-2026\/#breadcrumb","itemListElement":[{"@type":"ListItem","position":1,"name":"Home","item":"https:\/\/amis-parc-foret-orient.fr\/"},{"@type":"ListItem","position":2,"name":"D\u00e9couvrir l&rsquo;association des Amis du Parc","item":"https:\/\/amis-parc-foret-orient.fr\/index.php\/notre-association\/"},{"@type":"ListItem","position":3,"name":"Assembl\u00e9e G\u00e9n\u00e9rale 2026"}]},{"@type":"WebSite","@id":"https:\/\/amis-parc-foret-orient.fr\/#website","url":"https:\/\/amis-parc-foret-orient.fr\/","name":"Les Amis du Parc de la For\u00eat d'Orient","description":"","publisher":{"@id":"https:\/\/amis-parc-foret-orient.fr\/#organization"},"potentialAction":[{"@type":"SearchAction","target":{"@type":"EntryPoint","urlTemplate":"https:\/\/amis-parc-foret-orient.fr\/?s={search_term_string}"},"query-input":{"@type":"PropertyValueSpecification","valueRequired":true,"valueName":"search_term_string"}}],"inLanguage":"fr-FR"},{"@type":"Organization","@id":"https:\/\/amis-parc-foret-orient.fr\/#organization","name":"Les Amis du Parc de la For\u00eat d'Orient","url":"https:\/\/amis-parc-foret-orient.fr\/","logo":{"@type":"ImageObject","inLanguage":"fr-FR","@id":"https:\/\/amis-parc-foret-orient.fr\/#\/schema\/logo\/image\/","url":"https:\/\/amis-parc-foret-orient.fr\/wp-content\/uploads\/2025\/08\/cropped-logo_amis_parc_2025_150-1-1.png","contentUrl":"https:\/\/amis-parc-foret-orient.fr\/wp-content\/uploads\/2025\/08\/cropped-logo_amis_parc_2025_150-1-1.png","width":400,"height":175,"caption":"Les Amis du Parc de la For\u00eat d'Orient"},"image":{"@id":"https:\/\/amis-parc-foret-orient.fr\/#\/schema\/logo\/image\/"},"sameAs":["https:\/\/www.facebook.com\/Amis.du.Parc\/"]}]}},"blog_post_layout_featured_media_urls":{"thumbnail":"","full":""},"categories_names":null,"comments_number":"0","wpmagazine_modules_lite_featured_media_urls":{"thumbnail":"","cvmm-medium":"","cvmm-medium-plus":"","cvmm-portrait":"","cvmm-medium-square":"","cvmm-large":"","cvmm-small":"","full":""},"_links":{"self":[{"href":"https:\/\/amis-parc-foret-orient.fr\/index.php\/wp-json\/wp\/v2\/pages\/5271","targetHints":{"allow":["GET"]}}],"collection":[{"href":"https:\/\/amis-parc-foret-orient.fr\/index.php\/wp-json\/wp\/v2\/pages"}],"about":[{"href":"https:\/\/amis-parc-foret-orient.fr\/index.php\/wp-json\/wp\/v2\/types\/page"}],"author":[{"embeddable":true,"href":"https:\/\/amis-parc-foret-orient.fr\/index.php\/wp-json\/wp\/v2\/users\/1"}],"replies":[{"embeddable":true,"href":"https:\/\/amis-parc-foret-orient.fr\/index.php\/wp-json\/wp\/v2\/comments?post=5271"}],"version-history":[{"count":0,"href":"https:\/\/amis-parc-foret-orient.fr\/index.php\/wp-json\/wp\/v2\/pages\/5271\/revisions"}],"up":[{"embeddable":true,"href":"https:\/\/amis-parc-foret-orient.fr\/index.php\/wp-json\/wp\/v2\/pages\/20"}],"wp:attachment":[{"href":"https:\/\/amis-parc-foret-orient.fr\/index.php\/wp-json\/wp\/v2\/media?parent=5271"}],"curies":[{"name":"wp","href":"https:\/\/api.w.org\/{rel}","templated":true}]}}