{"id":5200,"date":"2026-02-12T21:11:14","date_gmt":"2026-02-12T20:11:14","guid":{"rendered":"https:\/\/amis-parc-foret-orient.fr\/?page_id=5200"},"modified":"2026-03-01T21:50:11","modified_gmt":"2026-03-01T20:50:11","slug":"bienvenue-texte-intro","status":"publish","type":"page","link":"https:\/\/amis-parc-foret-orient.fr\/index.php\/bienvenue-texte-intro\/","title":{"rendered":"Bienvenue texte intro"},"content":{"rendered":"\t\t<div data-elementor-type=\"wp-page\" data-elementor-id=\"5200\" class=\"elementor elementor-5200\" data-elementor-settings=\"{&quot;ha_cmc_init_switcher&quot;:&quot;no&quot;}\">\n\t\t\t\t<div class=\"elementor-element elementor-element-a141688 e-flex e-con-boxed e-con e-parent\" data-id=\"a141688\" data-element_type=\"container\" data-e-type=\"container\" data-settings=\"{&quot;_ha_eqh_enable&quot;:false}\">\n\t\t\t\t\t<div class=\"e-con-inner\">\n\t\t\t\t<div class=\"elementor-element elementor-element-d1b0617 elementor-widget elementor-widget-heading\" data-id=\"d1b0617\" data-element_type=\"widget\" data-e-type=\"widget\" data-widget_type=\"heading.default\">\n\t\t\t\t\t<h2 class=\"elementor-heading-title elementor-size-default\">BIENVENUE SUR LE SITE DES AMIS DU PARC naturel r\u00e9gional de la For\u00eat d\u2019Orient<\/h2>\t\t\t\t<\/div>\n\t\t\t\t<div class=\"elementor-element elementor-element-5dd5019 elementor-widget elementor-widget-text-editor\" data-id=\"5dd5019\" data-element_type=\"widget\" data-e-type=\"widget\" data-widget_type=\"text-editor.default\">\n\t\t\t\t\t\t\t\t\t<p>L\u2019Association des Amis du Parc naturel r\u00e9gional de la For\u00eat d\u2019Orient (PnrFO) est heureuse de vous accueillir sur son site Web. Vous pourrez y trouver toutes les informations se rapportant \u00e0 l\u2019association et aux animations qu\u2019elle organise. Nous vous invitons \u00e0 utiliser le formulaire de contact afin de nous adresser vos remarques, vos suggestions, ou tout simplement des messages d\u2019encouragement.<\/p>\t\t\t\t\t\t\t\t<\/div>\n\t\t\t\t\t<\/div>\n\t\t\t\t<\/div>\n\t\t<div class=\"elementor-element elementor-element-2b1f98e e-flex e-con-boxed e-con e-parent\" data-id=\"2b1f98e\" data-element_type=\"container\" data-e-type=\"container\" data-settings=\"{&quot;_ha_eqh_enable&quot;:false}\">\n\t\t\t\t\t<div class=\"e-con-inner\">\n\t\t\t\t<div class=\"elementor-element elementor-element-5076b8d elementor-widget elementor-widget-timeline\" data-id=\"5076b8d\" data-element_type=\"widget\" data-e-type=\"widget\" data-widget_type=\"timeline.default\">\n\t\t\t\t<div class=\"elementor-widget-container\">\n\t\t\t\t\t        <div id=\"wpmagazine-modules-lite-timeline-block-5076b8d\" class=\"wpmagazine-modules-lite-timeline-block block-5076b8d cvmm-block cvmm-block-timeline--layout-one\">\r\n            <h2 class=\"cvmm-block-title layout--default\"><span>Agenda<\/span><\/h2><div class=\"cvmm-timeline-wrapper\">\r\n                            <div class=\"cvmm-timeline-single-item\">\r\n                                                            <div class=\"cvmm-timeline-count\">\r\n                                                                                <figure class=\"cvmm-post-thumb\">\r\n                                                <img decoding=\"async\" src=\"https:\/\/amis-parc-foret-orient.fr\/wp-content\/uploads\/2018\/01\/programme-AAPNRFO-2026-recadree-150x150.jpg\" \/>\r\n                                            <\/figure>\r\n                                                                    <\/div>\r\n                                                        <div class=\"cvmm-timeline-allcontent-wrap\">\r\n                                <div class=\"cvmm-timeline-date\">\r\n                                    16 janvier 2018                                <\/div>\r\n                                <div class=\"cvmm-timeline-content-wrap\">\r\n                                                                            <div class=\"cvmm-timeline-title\">\r\n                                            <a href=\"https:\/\/amis-parc-foret-orient.fr\/index.php\/2018\/01\/16\/programme-2026-et-horaires-du-bureau\/\" target=\"_blank\" >Programme 2026 et horaires du bureau<\/a>\r\n                                        <\/div>\r\n                                                                                                                <div class=\"cvmm-timeline-desc\">\r\n                                            <p>Le programme complet des sorties 2026 est disponible sur cette page.Il est disponible dans sa version papier \u00e0 la Maison du Parc, \u00e0 la Maison des Lacs, au bureau de l&rsquo;association \u00e0 Dosches (et bien d\u2019autres lieux!) , et sur demande aupr\u00e8s de l&rsquo;association :Association des Amis du ParcMairie de Dosches &#8211; 10220 Dosches03 25 [&hellip;]<\/p>\n                                        <\/div>\r\n                                                                    <\/div>\r\n                            <\/div><!-- .cvmm-timeline-allcontent-wrap -->\r\n                        <\/div>\r\n                                            <div class=\"cvmm-timeline-single-item\">\r\n                                                            <div class=\"cvmm-timeline-count\">\r\n                                                                                <figure class=\"cvmm-post-thumb\">\r\n                                                <img decoding=\"async\" src=\"https:\/\/amis-parc-foret-orient.fr\/wp-content\/uploads\/2018\/01\/slider-jobservemonparc2-150x150.png\" \/>\r\n                                            <\/figure>\r\n                                                                    <\/div>\r\n                                                        <div class=\"cvmm-timeline-allcontent-wrap\">\r\n                                <div class=\"cvmm-timeline-date\">\r\n                                    12 janvier 2018                                <\/div>\r\n                                <div class=\"cvmm-timeline-content-wrap\">\r\n                                                                            <div class=\"cvmm-timeline-title\">\r\n                                            <a href=\"https:\/\/amis-parc-foret-orient.fr\/index.php\/2018\/01\/12\/actualite-2\/\" target=\"_blank\" >Un site pour participer au recensement des esp\u00e8ces<\/a>\r\n                                        <\/div>\r\n                                                                                                                <div class=\"cvmm-timeline-desc\">\r\n                                            <p>Le Parc souhaite vous associer dans l&rsquo;am\u00e9lioration de la connaissance de la biodiversit\u00e9 de votre territoire. Dans ce cadre, le Parc a cr\u00e9\u00e9 une plateforme destin\u00e9e \u00e0 collecter des donn\u00e9es naturalistes o\u00f9 tout \u00e0 chacun, habitant ou curieux du Parc, peut participer. Plus vous serez nombreux \u00e0 participer, mieux nous pourrons prot\u00e9ger, ensemble, la biodiversit\u00e9 [&hellip;]<\/p>\n                                        <\/div>\r\n                                                                    <\/div>\r\n                            <\/div><!-- .cvmm-timeline-allcontent-wrap -->\r\n                        <\/div>\r\n                                            <div class=\"cvmm-timeline-single-item\">\r\n                                                            <div class=\"cvmm-timeline-count\">\r\n                                                                                <figure class=\"cvmm-post-thumb\">\r\n                                                <img decoding=\"async\" src=\"https:\/\/amis-parc-foret-orient.fr\/wp-content\/uploads\/2018\/01\/vignette-150x150.png\" \/>\r\n                                            <\/figure>\r\n                                                                    <\/div>\r\n                                                        <div class=\"cvmm-timeline-allcontent-wrap\">\r\n                                <div class=\"cvmm-timeline-date\">\r\n                                    12 janvier 2018                                <\/div>\r\n                                <div class=\"cvmm-timeline-content-wrap\">\r\n                                                                            <div class=\"cvmm-timeline-title\">\r\n                                            <a href=\"https:\/\/amis-parc-foret-orient.fr\/index.php\/2018\/01\/12\/actualite-1\/\" target=\"_blank\" >R\u00e9vision de la Charte du Parc<\/a>\r\n                                        <\/div>\r\n                                                                                                                <div class=\"cvmm-timeline-desc\">\r\n                                            <p>\u00ab\u00a0Pour aller de l&rsquo;avant, il faut prendre du recul.\u00a0\u00bb (MC Solar) Une p\u00e9riode importante que vit le Parc actuellement avec la r\u00e9daction et le processus de validation de sa nouvelle Charte amenant le renouvellement du label \u00ab\u00a0Parc naturel r\u00e9gional\u00a0\u00bb pour les 15 prochaines ann\u00e9es (2026-2041).<\/p>\n                                        <\/div>\r\n                                                                    <\/div>\r\n                            <\/div><!-- .cvmm-timeline-allcontent-wrap -->\r\n                        <\/div>\r\n                    <\/div>        <\/div><!-- #wpmagazine-modules-lite-banner-block -->\r\n    \t\t\t\t<\/div>\n\t\t\t\t<\/div>\n\t\t\t\t\t<\/div>\n\t\t\t\t<\/div>\n\t\t\t\t<\/div>\n\t\t","protected":false},"excerpt":{"rendered":"<p>BIENVENUE SUR LE SITE DES AMIS DU PARC naturel r\u00e9gional de la For\u00eat d\u2019Orient L\u2019Association des Amis du Parc naturel r\u00e9gional de la For\u00eat d\u2019Orient (PnrFO) est heureuse de vous accueillir sur son site Web. Vous pourrez y trouver toutes les informations se rapportant \u00e0 l\u2019association et aux animations qu\u2019elle organise. Nous vous invitons \u00e0 [&hellip;]<\/p>\n","protected":false},"author":1,"featured_media":0,"parent":0,"menu_order":0,"comment_status":"closed","ping_status":"closed","template":"elementor_theme","meta":{"footnotes":"","_wp_rev_ctl_limit":""},"class_list":["post-5200","page","type-page","status-publish","hentry"],"yoast_head":"<!-- This site is optimized with the Yoast SEO plugin v27.4 - https:\/\/yoast.com\/product\/yoast-seo-wordpress\/ -->\n<title>Bienvenue texte intro - Les Amis du Parc de la For\u00eat d&#039;Orient<\/title>\n<meta name=\"robots\" content=\"index, follow, max-snippet:-1, max-image-preview:large, max-video-preview:-1\" \/>\n<link rel=\"canonical\" href=\"https:\/\/amis-parc-foret-orient.fr\/index.php\/bienvenue-texte-intro\/\" \/>\n<meta property=\"og:locale\" content=\"fr_FR\" \/>\n<meta property=\"og:type\" content=\"article\" \/>\n<meta property=\"og:title\" content=\"Bienvenue texte intro - Les Amis du Parc de la For\u00eat d&#039;Orient\" \/>\n<meta property=\"og:description\" content=\"BIENVENUE SUR LE SITE DES AMIS DU PARC naturel r\u00e9gional de la For\u00eat d\u2019Orient L\u2019Association des Amis du Parc naturel r\u00e9gional de la For\u00eat d\u2019Orient (PnrFO) est heureuse de vous accueillir sur son site Web. Vous pourrez y trouver toutes les informations se rapportant \u00e0 l\u2019association et aux animations qu\u2019elle organise. Nous vous invitons \u00e0 [&hellip;]\" \/>\n<meta property=\"og:url\" content=\"https:\/\/amis-parc-foret-orient.fr\/index.php\/bienvenue-texte-intro\/\" \/>\n<meta property=\"og:site_name\" content=\"Les Amis du Parc de la For\u00eat d&#039;Orient\" \/>\n<meta property=\"article:publisher\" content=\"https:\/\/www.facebook.com\/Amis.du.Parc\/\" \/>\n<meta property=\"article:modified_time\" content=\"2026-03-01T20:50:11+00:00\" \/>\n<meta property=\"og:image\" content=\"https:\/\/amis-parc-foret-orient.fr\/wp-content\/uploads\/2018\/01\/programme-AAPNRFO-2026-recadree-150x150.jpg\" \/>\n<meta name=\"twitter:card\" content=\"summary_large_image\" \/>\n<meta name=\"twitter:label1\" content=\"Dur\u00e9e de lecture estim\u00e9e\" \/>\n\t<meta name=\"twitter:data1\" content=\"2 minutes\" \/>\n<script type=\"application\/ld+json\" class=\"yoast-schema-graph\">{\"@context\":\"https:\\\/\\\/schema.org\",\"@graph\":[{\"@type\":\"WebPage\",\"@id\":\"https:\\\/\\\/amis-parc-foret-orient.fr\\\/index.php\\\/bienvenue-texte-intro\\\/\",\"url\":\"https:\\\/\\\/amis-parc-foret-orient.fr\\\/index.php\\\/bienvenue-texte-intro\\\/\",\"name\":\"Bienvenue texte intro - Les Amis du Parc de la For\u00eat d&#039;Orient\",\"isPartOf\":{\"@id\":\"https:\\\/\\\/amis-parc-foret-orient.fr\\\/#website\"},\"primaryImageOfPage\":{\"@id\":\"https:\\\/\\\/amis-parc-foret-orient.fr\\\/index.php\\\/bienvenue-texte-intro\\\/#primaryimage\"},\"image\":{\"@id\":\"https:\\\/\\\/amis-parc-foret-orient.fr\\\/index.php\\\/bienvenue-texte-intro\\\/#primaryimage\"},\"thumbnailUrl\":\"https:\\\/\\\/amis-parc-foret-orient.fr\\\/wp-content\\\/uploads\\\/2018\\\/01\\\/programme-AAPNRFO-2026-recadree-150x150.jpg\",\"datePublished\":\"2026-02-12T20:11:14+00:00\",\"dateModified\":\"2026-03-01T20:50:11+00:00\",\"breadcrumb\":{\"@id\":\"https:\\\/\\\/amis-parc-foret-orient.fr\\\/index.php\\\/bienvenue-texte-intro\\\/#breadcrumb\"},\"inLanguage\":\"fr-FR\",\"potentialAction\":[{\"@type\":\"ReadAction\",\"target\":[\"https:\\\/\\\/amis-parc-foret-orient.fr\\\/index.php\\\/bienvenue-texte-intro\\\/\"]}]},{\"@type\":\"ImageObject\",\"inLanguage\":\"fr-FR\",\"@id\":\"https:\\\/\\\/amis-parc-foret-orient.fr\\\/index.php\\\/bienvenue-texte-intro\\\/#primaryimage\",\"url\":\"https:\\\/\\\/amis-parc-foret-orient.fr\\\/wp-content\\\/uploads\\\/2018\\\/01\\\/programme-AAPNRFO-2026-recadree.jpg\",\"contentUrl\":\"https:\\\/\\\/amis-parc-foret-orient.fr\\\/wp-content\\\/uploads\\\/2018\\\/01\\\/programme-AAPNRFO-2026-recadree.jpg\",\"width\":469,\"height\":630},{\"@type\":\"BreadcrumbList\",\"@id\":\"https:\\\/\\\/amis-parc-foret-orient.fr\\\/index.php\\\/bienvenue-texte-intro\\\/#breadcrumb\",\"itemListElement\":[{\"@type\":\"ListItem\",\"position\":1,\"name\":\"Home\",\"item\":\"https:\\\/\\\/amis-parc-foret-orient.fr\\\/\"},{\"@type\":\"ListItem\",\"position\":2,\"name\":\"Bienvenue texte intro\"}]},{\"@type\":\"WebSite\",\"@id\":\"https:\\\/\\\/amis-parc-foret-orient.fr\\\/#website\",\"url\":\"https:\\\/\\\/amis-parc-foret-orient.fr\\\/\",\"name\":\"Les Amis du Parc de la For\u00eat d'Orient\",\"description\":\"\",\"publisher\":{\"@id\":\"https:\\\/\\\/amis-parc-foret-orient.fr\\\/#organization\"},\"potentialAction\":[{\"@type\":\"SearchAction\",\"target\":{\"@type\":\"EntryPoint\",\"urlTemplate\":\"https:\\\/\\\/amis-parc-foret-orient.fr\\\/?s={search_term_string}\"},\"query-input\":{\"@type\":\"PropertyValueSpecification\",\"valueRequired\":true,\"valueName\":\"search_term_string\"}}],\"inLanguage\":\"fr-FR\"},{\"@type\":\"Organization\",\"@id\":\"https:\\\/\\\/amis-parc-foret-orient.fr\\\/#organization\",\"name\":\"Les Amis du Parc de la For\u00eat d'Orient\",\"url\":\"https:\\\/\\\/amis-parc-foret-orient.fr\\\/\",\"logo\":{\"@type\":\"ImageObject\",\"inLanguage\":\"fr-FR\",\"@id\":\"https:\\\/\\\/amis-parc-foret-orient.fr\\\/#\\\/schema\\\/logo\\\/image\\\/\",\"url\":\"https:\\\/\\\/amis-parc-foret-orient.fr\\\/wp-content\\\/uploads\\\/2025\\\/08\\\/cropped-logo_amis_parc_2025_150-1-1.png\",\"contentUrl\":\"https:\\\/\\\/amis-parc-foret-orient.fr\\\/wp-content\\\/uploads\\\/2025\\\/08\\\/cropped-logo_amis_parc_2025_150-1-1.png\",\"width\":400,\"height\":175,\"caption\":\"Les Amis du Parc de la For\u00eat d'Orient\"},\"image\":{\"@id\":\"https:\\\/\\\/amis-parc-foret-orient.fr\\\/#\\\/schema\\\/logo\\\/image\\\/\"},\"sameAs\":[\"https:\\\/\\\/www.facebook.com\\\/Amis.du.Parc\\\/\"]}]}<\/script>\n<!-- \/ Yoast SEO plugin. -->","yoast_head_json":{"title":"Bienvenue texte intro - Les Amis du Parc de la For\u00eat d&#039;Orient","robots":{"index":"index","follow":"follow","max-snippet":"max-snippet:-1","max-image-preview":"max-image-preview:large","max-video-preview":"max-video-preview:-1"},"canonical":"https:\/\/amis-parc-foret-orient.fr\/index.php\/bienvenue-texte-intro\/","og_locale":"fr_FR","og_type":"article","og_title":"Bienvenue texte intro - Les Amis du Parc de la For\u00eat d&#039;Orient","og_description":"BIENVENUE SUR LE SITE DES AMIS DU PARC naturel r\u00e9gional de la For\u00eat d\u2019Orient L\u2019Association des Amis du Parc naturel r\u00e9gional de la For\u00eat d\u2019Orient (PnrFO) est heureuse de vous accueillir sur son site Web. Vous pourrez y trouver toutes les informations se rapportant \u00e0 l\u2019association et aux animations qu\u2019elle organise. Nous vous invitons \u00e0 [&hellip;]","og_url":"https:\/\/amis-parc-foret-orient.fr\/index.php\/bienvenue-texte-intro\/","og_site_name":"Les Amis du Parc de la For\u00eat d&#039;Orient","article_publisher":"https:\/\/www.facebook.com\/Amis.du.Parc\/","article_modified_time":"2026-03-01T20:50:11+00:00","og_image":[{"url":"https:\/\/amis-parc-foret-orient.fr\/wp-content\/uploads\/2018\/01\/programme-AAPNRFO-2026-recadree-150x150.jpg","type":"","width":"","height":""}],"twitter_card":"summary_large_image","twitter_misc":{"Dur\u00e9e de lecture estim\u00e9e":"2 minutes"},"schema":{"@context":"https:\/\/schema.org","@graph":[{"@type":"WebPage","@id":"https:\/\/amis-parc-foret-orient.fr\/index.php\/bienvenue-texte-intro\/","url":"https:\/\/amis-parc-foret-orient.fr\/index.php\/bienvenue-texte-intro\/","name":"Bienvenue texte intro - Les Amis du Parc de la For\u00eat d&#039;Orient","isPartOf":{"@id":"https:\/\/amis-parc-foret-orient.fr\/#website"},"primaryImageOfPage":{"@id":"https:\/\/amis-parc-foret-orient.fr\/index.php\/bienvenue-texte-intro\/#primaryimage"},"image":{"@id":"https:\/\/amis-parc-foret-orient.fr\/index.php\/bienvenue-texte-intro\/#primaryimage"},"thumbnailUrl":"https:\/\/amis-parc-foret-orient.fr\/wp-content\/uploads\/2018\/01\/programme-AAPNRFO-2026-recadree-150x150.jpg","datePublished":"2026-02-12T20:11:14+00:00","dateModified":"2026-03-01T20:50:11+00:00","breadcrumb":{"@id":"https:\/\/amis-parc-foret-orient.fr\/index.php\/bienvenue-texte-intro\/#breadcrumb"},"inLanguage":"fr-FR","potentialAction":[{"@type":"ReadAction","target":["https:\/\/amis-parc-foret-orient.fr\/index.php\/bienvenue-texte-intro\/"]}]},{"@type":"ImageObject","inLanguage":"fr-FR","@id":"https:\/\/amis-parc-foret-orient.fr\/index.php\/bienvenue-texte-intro\/#primaryimage","url":"https:\/\/amis-parc-foret-orient.fr\/wp-content\/uploads\/2018\/01\/programme-AAPNRFO-2026-recadree.jpg","contentUrl":"https:\/\/amis-parc-foret-orient.fr\/wp-content\/uploads\/2018\/01\/programme-AAPNRFO-2026-recadree.jpg","width":469,"height":630},{"@type":"BreadcrumbList","@id":"https:\/\/amis-parc-foret-orient.fr\/index.php\/bienvenue-texte-intro\/#breadcrumb","itemListElement":[{"@type":"ListItem","position":1,"name":"Home","item":"https:\/\/amis-parc-foret-orient.fr\/"},{"@type":"ListItem","position":2,"name":"Bienvenue texte intro"}]},{"@type":"WebSite","@id":"https:\/\/amis-parc-foret-orient.fr\/#website","url":"https:\/\/amis-parc-foret-orient.fr\/","name":"Les Amis du Parc de la For\u00eat d'Orient","description":"","publisher":{"@id":"https:\/\/amis-parc-foret-orient.fr\/#organization"},"potentialAction":[{"@type":"SearchAction","target":{"@type":"EntryPoint","urlTemplate":"https:\/\/amis-parc-foret-orient.fr\/?s={search_term_string}"},"query-input":{"@type":"PropertyValueSpecification","valueRequired":true,"valueName":"search_term_string"}}],"inLanguage":"fr-FR"},{"@type":"Organization","@id":"https:\/\/amis-parc-foret-orient.fr\/#organization","name":"Les Amis du Parc de la For\u00eat d'Orient","url":"https:\/\/amis-parc-foret-orient.fr\/","logo":{"@type":"ImageObject","inLanguage":"fr-FR","@id":"https:\/\/amis-parc-foret-orient.fr\/#\/schema\/logo\/image\/","url":"https:\/\/amis-parc-foret-orient.fr\/wp-content\/uploads\/2025\/08\/cropped-logo_amis_parc_2025_150-1-1.png","contentUrl":"https:\/\/amis-parc-foret-orient.fr\/wp-content\/uploads\/2025\/08\/cropped-logo_amis_parc_2025_150-1-1.png","width":400,"height":175,"caption":"Les Amis du Parc de la For\u00eat d'Orient"},"image":{"@id":"https:\/\/amis-parc-foret-orient.fr\/#\/schema\/logo\/image\/"},"sameAs":["https:\/\/www.facebook.com\/Amis.du.Parc\/"]}]}},"blog_post_layout_featured_media_urls":{"thumbnail":"","full":""},"categories_names":null,"comments_number":"0","wpmagazine_modules_lite_featured_media_urls":{"thumbnail":"","cvmm-medium":"","cvmm-medium-plus":"","cvmm-portrait":"","cvmm-medium-square":"","cvmm-large":"","cvmm-small":"","full":""},"_links":{"self":[{"href":"https:\/\/amis-parc-foret-orient.fr\/index.php\/wp-json\/wp\/v2\/pages\/5200","targetHints":{"allow":["GET"]}}],"collection":[{"href":"https:\/\/amis-parc-foret-orient.fr\/index.php\/wp-json\/wp\/v2\/pages"}],"about":[{"href":"https:\/\/amis-parc-foret-orient.fr\/index.php\/wp-json\/wp\/v2\/types\/page"}],"author":[{"embeddable":true,"href":"https:\/\/amis-parc-foret-orient.fr\/index.php\/wp-json\/wp\/v2\/users\/1"}],"replies":[{"embeddable":true,"href":"https:\/\/amis-parc-foret-orient.fr\/index.php\/wp-json\/wp\/v2\/comments?post=5200"}],"version-history":[{"count":0,"href":"https:\/\/amis-parc-foret-orient.fr\/index.php\/wp-json\/wp\/v2\/pages\/5200\/revisions"}],"wp:attachment":[{"href":"https:\/\/amis-parc-foret-orient.fr\/index.php\/wp-json\/wp\/v2\/media?parent=5200"}],"curies":[{"name":"wp","href":"https:\/\/api.w.org\/{rel}","templated":true}]}}