{"id":43,"date":"2018-01-09T09:44:29","date_gmt":"2018-01-09T09:44:29","guid":{"rendered":"http:\/\/195.83.128.55\/~mmi16c14\/stage_court\/wordpress\/?page_id=43"},"modified":"2025-08-11T16:11:34","modified_gmt":"2025-08-11T15:11:34","slug":"nos-animations","status":"publish","type":"page","link":"https:\/\/amis-parc-foret-orient.fr\/index.php\/nos-animations\/","title":{"rendered":"Sortez avec les Amis du PNRFO"},"content":{"rendered":"<p>Sur cette page vous allez retrouver des dossiers de pr\u00e9sentation de nos sorties propos\u00e9es en 2025 regroup\u00e9es par th\u00e8me.<br \/>\nCliquez sur les images pour parcourir les dossiers.<\/p>\n<h4>Sorties sur le th\u00e8me du patrimoine des Amis du Parc<\/h4>\n<div style=\"text-align:center;\">\n<div style=\"text-align:center;\">\n<div style=\"margin:8px 0px 4px;\"><a href=\"https:\/\/www.calameo.com\/books\/006044983581e9837dddb\" target=\"_blank\">Journ\u00e9es Et Balades D\u00e9couverte 2025 Dossier Pr\u00e9sentation Aapnrfo<\/a><\/div>\n<p><iframe src=\"\/\/v.calameo.com\/?bkcode=006044983581e9837dddb&#038;mode=mini\" width=\"480\" height=\"300\" frameborder=\"0\" scrolling=\"no\" allowtransparency allowfullscreen style=\"margin:0 auto;\"><\/iframe><\/p>\n<div style=\"margin:4px 0px 8px;\"><a href=\"http:\/\/www.calameo.com\/\" target=\"_blank\">Lire plus de publications sur Calam\u00e9o<\/a><\/div>\n<\/div>\n<h4>Sorties nature et randonn\u00e9es des Amis du Parc<\/h4>\n<div style=\"text-align:center;\">\n<div style=\"margin:8px 0px 4px;\"><a href=\"https:\/\/www.calameo.com\/books\/006044983b53990e2cfec\" target=\"_blank\">Sorties Nature Et Randonn\u00e9es 2025 Dossier Pr\u00e9sentation Aapnrfo<\/a><\/div>\n<p><iframe src=\"\/\/v.calameo.com\/?bkcode=006044983b53990e2cfec&#038;mode=mini\" width=\"480\" height=\"300\" frameborder=\"0\" scrolling=\"no\" allowtransparency allowfullscreen style=\"margin:0 auto;\"><\/iframe><\/p>\n<div style=\"margin:4px 0px 8px;\"><a href=\"http:\/\/www.calameo.com\/\" target=\"_blank\">Lire plus de publications sur Calam\u00e9o<\/a><\/div>\n<\/div>\n<h4>Sorties culturelles des Amis du Parc<\/h4>\n<p>D\u00e9tails \u00e0 venir&#8230;<\/p>\n","protected":false},"excerpt":{"rendered":"<p>Sur cette page vous allez retrouver des dossiers de pr\u00e9sentation de nos sorties propos\u00e9es en 2025 regroup\u00e9es par th\u00e8me. Cliquez sur les images pour parcourir les dossiers. Sorties sur le th\u00e8me du patrimoine des Amis du Parc Journ\u00e9es Et Balades D\u00e9couverte 2025 Dossier Pr\u00e9sentation Aapnrfo Lire plus de publications sur Calam\u00e9o Sorties nature et randonn\u00e9es [&hellip;]<\/p>\n","protected":false},"author":1,"featured_media":0,"parent":0,"menu_order":2,"comment_status":"closed","ping_status":"closed","template":"","meta":{"footnotes":"","_wp_rev_ctl_limit":""},"class_list":["post-43","page","type-page","status-publish","hentry"],"yoast_head":"<!-- This site is optimized with the Yoast SEO plugin v27.4 - https:\/\/yoast.com\/product\/yoast-seo-wordpress\/ -->\n<title>Sortez avec les Amis du PNRFO - Les Amis du Parc de la For\u00eat d&#039;Orient<\/title>\n<meta name=\"robots\" content=\"index, follow, max-snippet:-1, max-image-preview:large, max-video-preview:-1\" \/>\n<link rel=\"canonical\" href=\"https:\/\/amis-parc-foret-orient.fr\/index.php\/nos-animations\/\" \/>\n<meta property=\"og:locale\" content=\"fr_FR\" \/>\n<meta property=\"og:type\" content=\"article\" \/>\n<meta property=\"og:title\" content=\"Sortez avec les Amis du PNRFO - Les Amis du Parc de la For\u00eat d&#039;Orient\" \/>\n<meta property=\"og:description\" content=\"Sur cette page vous allez retrouver des dossiers de pr\u00e9sentation de nos sorties propos\u00e9es en 2025 regroup\u00e9es par th\u00e8me. Cliquez sur les images pour parcourir les dossiers. Sorties sur le th\u00e8me du patrimoine des Amis du Parc Journ\u00e9es Et Balades D\u00e9couverte 2025 Dossier Pr\u00e9sentation Aapnrfo Lire plus de publications sur Calam\u00e9o Sorties nature et randonn\u00e9es [&hellip;]\" \/>\n<meta property=\"og:url\" content=\"https:\/\/amis-parc-foret-orient.fr\/index.php\/nos-animations\/\" \/>\n<meta property=\"og:site_name\" content=\"Les Amis du Parc de la For\u00eat d&#039;Orient\" \/>\n<meta property=\"article:publisher\" content=\"https:\/\/www.facebook.com\/Amis.du.Parc\/\" \/>\n<meta property=\"article:modified_time\" content=\"2025-08-11T15:11:34+00:00\" \/>\n<meta name=\"twitter:card\" content=\"summary_large_image\" \/>\n<meta name=\"twitter:label1\" content=\"Dur\u00e9e de lecture estim\u00e9e\" \/>\n\t<meta name=\"twitter:data1\" content=\"1 minute\" \/>\n<script type=\"application\/ld+json\" class=\"yoast-schema-graph\">{\"@context\":\"https:\\\/\\\/schema.org\",\"@graph\":[{\"@type\":\"WebPage\",\"@id\":\"https:\\\/\\\/amis-parc-foret-orient.fr\\\/index.php\\\/nos-animations\\\/\",\"url\":\"https:\\\/\\\/amis-parc-foret-orient.fr\\\/index.php\\\/nos-animations\\\/\",\"name\":\"Sortez avec les Amis du PNRFO - Les Amis du Parc de la For\u00eat d&#039;Orient\",\"isPartOf\":{\"@id\":\"https:\\\/\\\/amis-parc-foret-orient.fr\\\/#website\"},\"datePublished\":\"2018-01-09T09:44:29+00:00\",\"dateModified\":\"2025-08-11T15:11:34+00:00\",\"breadcrumb\":{\"@id\":\"https:\\\/\\\/amis-parc-foret-orient.fr\\\/index.php\\\/nos-animations\\\/#breadcrumb\"},\"inLanguage\":\"fr-FR\",\"potentialAction\":[{\"@type\":\"ReadAction\",\"target\":[\"https:\\\/\\\/amis-parc-foret-orient.fr\\\/index.php\\\/nos-animations\\\/\"]}]},{\"@type\":\"BreadcrumbList\",\"@id\":\"https:\\\/\\\/amis-parc-foret-orient.fr\\\/index.php\\\/nos-animations\\\/#breadcrumb\",\"itemListElement\":[{\"@type\":\"ListItem\",\"position\":1,\"name\":\"Home\",\"item\":\"https:\\\/\\\/amis-parc-foret-orient.fr\\\/\"},{\"@type\":\"ListItem\",\"position\":2,\"name\":\"Sortez avec les Amis du PNRFO\"}]},{\"@type\":\"WebSite\",\"@id\":\"https:\\\/\\\/amis-parc-foret-orient.fr\\\/#website\",\"url\":\"https:\\\/\\\/amis-parc-foret-orient.fr\\\/\",\"name\":\"Les Amis du Parc de la For\u00eat d'Orient\",\"description\":\"\",\"publisher\":{\"@id\":\"https:\\\/\\\/amis-parc-foret-orient.fr\\\/#organization\"},\"potentialAction\":[{\"@type\":\"SearchAction\",\"target\":{\"@type\":\"EntryPoint\",\"urlTemplate\":\"https:\\\/\\\/amis-parc-foret-orient.fr\\\/?s={search_term_string}\"},\"query-input\":{\"@type\":\"PropertyValueSpecification\",\"valueRequired\":true,\"valueName\":\"search_term_string\"}}],\"inLanguage\":\"fr-FR\"},{\"@type\":\"Organization\",\"@id\":\"https:\\\/\\\/amis-parc-foret-orient.fr\\\/#organization\",\"name\":\"Les Amis du Parc de la For\u00eat d'Orient\",\"url\":\"https:\\\/\\\/amis-parc-foret-orient.fr\\\/\",\"logo\":{\"@type\":\"ImageObject\",\"inLanguage\":\"fr-FR\",\"@id\":\"https:\\\/\\\/amis-parc-foret-orient.fr\\\/#\\\/schema\\\/logo\\\/image\\\/\",\"url\":\"https:\\\/\\\/amis-parc-foret-orient.fr\\\/wp-content\\\/uploads\\\/2025\\\/08\\\/cropped-logo_amis_parc_2025_150-1-1.png\",\"contentUrl\":\"https:\\\/\\\/amis-parc-foret-orient.fr\\\/wp-content\\\/uploads\\\/2025\\\/08\\\/cropped-logo_amis_parc_2025_150-1-1.png\",\"width\":400,\"height\":175,\"caption\":\"Les Amis du Parc de la For\u00eat d'Orient\"},\"image\":{\"@id\":\"https:\\\/\\\/amis-parc-foret-orient.fr\\\/#\\\/schema\\\/logo\\\/image\\\/\"},\"sameAs\":[\"https:\\\/\\\/www.facebook.com\\\/Amis.du.Parc\\\/\"]}]}<\/script>\n<!-- \/ Yoast SEO plugin. -->","yoast_head_json":{"title":"Sortez avec les Amis du PNRFO - Les Amis du Parc de la For\u00eat d&#039;Orient","robots":{"index":"index","follow":"follow","max-snippet":"max-snippet:-1","max-image-preview":"max-image-preview:large","max-video-preview":"max-video-preview:-1"},"canonical":"https:\/\/amis-parc-foret-orient.fr\/index.php\/nos-animations\/","og_locale":"fr_FR","og_type":"article","og_title":"Sortez avec les Amis du PNRFO - Les Amis du Parc de la For\u00eat d&#039;Orient","og_description":"Sur cette page vous allez retrouver des dossiers de pr\u00e9sentation de nos sorties propos\u00e9es en 2025 regroup\u00e9es par th\u00e8me. Cliquez sur les images pour parcourir les dossiers. Sorties sur le th\u00e8me du patrimoine des Amis du Parc Journ\u00e9es Et Balades D\u00e9couverte 2025 Dossier Pr\u00e9sentation Aapnrfo Lire plus de publications sur Calam\u00e9o Sorties nature et randonn\u00e9es [&hellip;]","og_url":"https:\/\/amis-parc-foret-orient.fr\/index.php\/nos-animations\/","og_site_name":"Les Amis du Parc de la For\u00eat d&#039;Orient","article_publisher":"https:\/\/www.facebook.com\/Amis.du.Parc\/","article_modified_time":"2025-08-11T15:11:34+00:00","twitter_card":"summary_large_image","twitter_misc":{"Dur\u00e9e de lecture estim\u00e9e":"1 minute"},"schema":{"@context":"https:\/\/schema.org","@graph":[{"@type":"WebPage","@id":"https:\/\/amis-parc-foret-orient.fr\/index.php\/nos-animations\/","url":"https:\/\/amis-parc-foret-orient.fr\/index.php\/nos-animations\/","name":"Sortez avec les Amis du PNRFO - Les Amis du Parc de la For\u00eat d&#039;Orient","isPartOf":{"@id":"https:\/\/amis-parc-foret-orient.fr\/#website"},"datePublished":"2018-01-09T09:44:29+00:00","dateModified":"2025-08-11T15:11:34+00:00","breadcrumb":{"@id":"https:\/\/amis-parc-foret-orient.fr\/index.php\/nos-animations\/#breadcrumb"},"inLanguage":"fr-FR","potentialAction":[{"@type":"ReadAction","target":["https:\/\/amis-parc-foret-orient.fr\/index.php\/nos-animations\/"]}]},{"@type":"BreadcrumbList","@id":"https:\/\/amis-parc-foret-orient.fr\/index.php\/nos-animations\/#breadcrumb","itemListElement":[{"@type":"ListItem","position":1,"name":"Home","item":"https:\/\/amis-parc-foret-orient.fr\/"},{"@type":"ListItem","position":2,"name":"Sortez avec les Amis du PNRFO"}]},{"@type":"WebSite","@id":"https:\/\/amis-parc-foret-orient.fr\/#website","url":"https:\/\/amis-parc-foret-orient.fr\/","name":"Les Amis du Parc de la For\u00eat d'Orient","description":"","publisher":{"@id":"https:\/\/amis-parc-foret-orient.fr\/#organization"},"potentialAction":[{"@type":"SearchAction","target":{"@type":"EntryPoint","urlTemplate":"https:\/\/amis-parc-foret-orient.fr\/?s={search_term_string}"},"query-input":{"@type":"PropertyValueSpecification","valueRequired":true,"valueName":"search_term_string"}}],"inLanguage":"fr-FR"},{"@type":"Organization","@id":"https:\/\/amis-parc-foret-orient.fr\/#organization","name":"Les Amis du Parc de la For\u00eat d'Orient","url":"https:\/\/amis-parc-foret-orient.fr\/","logo":{"@type":"ImageObject","inLanguage":"fr-FR","@id":"https:\/\/amis-parc-foret-orient.fr\/#\/schema\/logo\/image\/","url":"https:\/\/amis-parc-foret-orient.fr\/wp-content\/uploads\/2025\/08\/cropped-logo_amis_parc_2025_150-1-1.png","contentUrl":"https:\/\/amis-parc-foret-orient.fr\/wp-content\/uploads\/2025\/08\/cropped-logo_amis_parc_2025_150-1-1.png","width":400,"height":175,"caption":"Les Amis du Parc de la For\u00eat d'Orient"},"image":{"@id":"https:\/\/amis-parc-foret-orient.fr\/#\/schema\/logo\/image\/"},"sameAs":["https:\/\/www.facebook.com\/Amis.du.Parc\/"]}]}},"blog_post_layout_featured_media_urls":{"thumbnail":"","full":""},"categories_names":null,"comments_number":"0","wpmagazine_modules_lite_featured_media_urls":{"thumbnail":"","cvmm-medium":"","cvmm-medium-plus":"","cvmm-portrait":"","cvmm-medium-square":"","cvmm-large":"","cvmm-small":"","full":""},"_links":{"self":[{"href":"https:\/\/amis-parc-foret-orient.fr\/index.php\/wp-json\/wp\/v2\/pages\/43","targetHints":{"allow":["GET"]}}],"collection":[{"href":"https:\/\/amis-parc-foret-orient.fr\/index.php\/wp-json\/wp\/v2\/pages"}],"about":[{"href":"https:\/\/amis-parc-foret-orient.fr\/index.php\/wp-json\/wp\/v2\/types\/page"}],"author":[{"embeddable":true,"href":"https:\/\/amis-parc-foret-orient.fr\/index.php\/wp-json\/wp\/v2\/users\/1"}],"replies":[{"embeddable":true,"href":"https:\/\/amis-parc-foret-orient.fr\/index.php\/wp-json\/wp\/v2\/comments?post=43"}],"version-history":[{"count":0,"href":"https:\/\/amis-parc-foret-orient.fr\/index.php\/wp-json\/wp\/v2\/pages\/43\/revisions"}],"wp:attachment":[{"href":"https:\/\/amis-parc-foret-orient.fr\/index.php\/wp-json\/wp\/v2\/media?parent=43"}],"curies":[{"name":"wp","href":"https:\/\/api.w.org\/{rel}","templated":true}]}}