{"id":34,"date":"2018-01-09T09:01:38","date_gmt":"2018-01-09T09:01:38","guid":{"rendered":"http:\/\/195.83.128.55\/~mmi16c14\/stage_court\/wordpress\/?page_id=34"},"modified":"2026-03-04T11:28:18","modified_gmt":"2026-03-04T10:28:18","slug":"connaitre-les-parcs","status":"publish","type":"page","link":"https:\/\/amis-parc-foret-orient.fr\/index.php\/notre-association\/connaitre-les-parcs\/","title":{"rendered":"Le PNRFO et les autres Parcs naturels r\u00e9gionaux du Grand Est et de France"},"content":{"rendered":"<div id=\"accordions-473\" class=\"accordions-473 accordions\" data-accordions={&quot;lazyLoad&quot;:true,&quot;id&quot;:&quot;473&quot;,&quot;event&quot;:&quot;click&quot;,&quot;collapsible&quot;:&quot;true&quot;,&quot;heightStyle&quot;:&quot;content&quot;,&quot;animateStyle&quot;:&quot;swing&quot;,&quot;animateDelay&quot;:1000,&quot;navigation&quot;:true,&quot;active&quot;:999,&quot;expandedOther&quot;:&quot;no&quot;}>\r\n                <div id=\"accordions-lazy-473\" class=\"accordions-lazy\" accordionsId=\"473\">\r\n                    <\/div>\r\n\r\n    <div class=\"items\"  style=\"display:none\" >\r\n    \r\n            <div post_id=\"473\" itemcount=\"0\"  header_id=\"header-0\" id=\"header-0\" style=\"\" class=\"accordions-head head0 border-none\" toggle-text=\"\" main-text=\"Le Parc naturel r\u00e9gional de la For\u00eat d\u2019Orient\">\r\n                                    <span id=\"accordion-icons-0\" class=\"accordion-icons\">\r\n                        <span class=\"accordion-icon-active accordion-plus\"><i class=\"fa fa-chevron-down\"><\/i><\/span>\r\n                        <span class=\"accordion-icon-inactive accordion-minus\"><i class=\"fa fa-chevron-up\"><\/i><\/span>\r\n                    <\/span>\r\n                    <span id=\"header-text-0\" class=\"accordions-head-title\">Le Parc naturel r\u00e9gional de la For\u00eat d\u2019Orient<\/span>\r\n                            <\/div>\r\n            <div class=\"accordion-content content0 \">\r\n                <p>Le Parc naturel r\u00e9gional de la For\u00eat d\u2019Orient est ni r\u00e9serve animali\u00e8re, ni mus\u00e9e \u00e0 ciel ouvert ou sanctuaire botanique, mais un espace de vie, ouvert \u00e0 tous, o\u00f9 pr\u00e9servation de l\u2019environnement rime avec d\u00e9veloppement du territoire.<\/p>\n<p>Ce territoire l\u00e9gendaire abrite d\u2019immenses lacs-r\u00e9servoirs nich\u00e9s au creux de for\u00eats profondes, qui feront le bonheur des amoureux de nature, culture, sports et loisirs\u2026<\/p>\n<p>Le Parc naturel r\u00e9gional de la For\u00eat d\u2019Orient est un territoire regroupant 58 communes, 23 693 habitants au 1er janvier 2025 sur 80 000 hectares. Sa mission est de prot\u00e9ger et mettre en valeur un patrimoine aux richesses exceptionnelles mais \u00e0 l\u2019\u00e9quilibre fragile, tout en contribuant \u00e0 son d\u00e9veloppement \u00e9conomique.<\/p>\n<p>Il s\u2019appuie sur une mosa\u00efque de r\u00e9gions naturelles qui offre une palette originale de paysages : Champagne crayeuse, C\u00f4tes des Bars, vall\u00e9e de l\u2019Aube, plaine de Brienne, Champagne humide au charme secret, symbole de l\u2019alliance de l\u2019eau et de la for\u00eat.<\/p>\n<p>Lien vers le site du : <span style=\"text-decoration: underline;\"><strong><a href=\"https:\/\/www.pnr-foret-orient.fr\/\">Parc naturel r\u00e9gional de la For\u00eat d'Orient<\/a><\/strong><\/span><\/p>\n<p><figure id=\"attachment_5309\" aria-describedby=\"caption-attachment-5309\" style=\"width: 640px\" class=\"wp-caption aligncenter\"><img fetchpriority=\"high\" decoding=\"async\" class=\"wp-image-5309 size-large\" src=\"https:\/\/amis-parc-foret-orient.fr\/wp-content\/uploads\/2026\/03\/Carte-PNRFO-Format-A0-actualisee-1200x1038-1-1024x886.png\" alt=\"\" width=\"640\" height=\"554\" srcset=\"https:\/\/amis-parc-foret-orient.fr\/wp-content\/uploads\/2026\/03\/Carte-PNRFO-Format-A0-actualisee-1200x1038-1-1024x886.png 1024w, https:\/\/amis-parc-foret-orient.fr\/wp-content\/uploads\/2026\/03\/Carte-PNRFO-Format-A0-actualisee-1200x1038-1-300x260.png 300w, https:\/\/amis-parc-foret-orient.fr\/wp-content\/uploads\/2026\/03\/Carte-PNRFO-Format-A0-actualisee-1200x1038-1-768x664.png 768w, https:\/\/amis-parc-foret-orient.fr\/wp-content\/uploads\/2026\/03\/Carte-PNRFO-Format-A0-actualisee-1200x1038-1.png 1200w\" sizes=\"(max-width: 640px) 100vw, 640px\" \/><figcaption id=\"caption-attachment-5309\" class=\"wp-caption-text\">Carte actuelle du territoire du Parc naturel r\u00e9gional de la For\u00eat d'Orient<\/figcaption><\/figure><\/p>\n            <\/div>\r\n    \r\n            <div post_id=\"473\" itemcount=\"1\"  header_id=\"header-1518612193561\" id=\"header-1518612193561\" style=\"\" class=\"accordions-head head1518612193561 border-none\" toggle-text=\"\" main-text=\"Les Parcs naturels r\u00e9gionaux de la R\u00e9gion Grand Est\">\r\n                                    <span id=\"accordion-icons-1518612193561\" class=\"accordion-icons\">\r\n                        <span class=\"accordion-icon-active accordion-plus\"><i class=\"fa fa-chevron-down\"><\/i><\/span>\r\n                        <span class=\"accordion-icon-inactive accordion-minus\"><i class=\"fa fa-chevron-up\"><\/i><\/span>\r\n                    <\/span>\r\n                    <span id=\"header-text-1518612193561\" class=\"accordions-head-title\">Les Parcs naturels r\u00e9gionaux de la R\u00e9gion Grand Est<\/span>\r\n                            <\/div>\r\n            <div class=\"accordion-content content1518612193561 \">\r\n                <h4><a href=\"https:\/\/www.parc-naturel-ardennes.fr\/\">Le Parc naturel r\u00e9gional des Ardennes<\/a><\/h4>\n<p>Le parc est situ\u00e9 sur une zone septentrionale du d\u00e9partement. Il couvre 22 % de la superficie du d\u00e9partement des Ardennes.<\/p>\n<h4><a href=\"https:\/\/www.parc-ballons-vosges.fr\/\">Le Parc naturel r\u00e9gional des Ballons des Vosges<\/a><\/h4>\n<p>Le parc naturel r\u00e9gional des Ballons des Vosges plonge vers les vall\u00e9es lorraines, alsaciennes et franc-comtoises, avec en son c\u0153ur les Hautes-Vosges. Le plateau des Mille \u00e9tangs en Haute-Sa\u00f4ne en est la seconde grande richesse naturelle.<\/p>\n<h4><a href=\"https:\/\/www.pnr-foret-orient.fr\/\">Le Parc naturel r\u00e9gional de la For\u00eat d'Orient<\/a><\/h4>\n<p>Ce parc est un territoire regroupant 23 377 habitants (2010) sur 80 000 hectares. Sa mission est de prot\u00e9ger et mettre en valeur un patrimoine aux richesses exceptionnelles mais \u00e0 l'\u00e9quilibre fragile, tout en contribuant \u00e0 son d\u00e9veloppement \u00e9conomique.<\/p>\n<h4><a href=\"https:\/\/www.pnr-lorraine.com\/\">Le Parc naturel r\u00e9gional de Lorraine<\/a><\/h4>\n<p>Le parc s\u2019\u00e9tend sur 11% de la surface Lorraine. Il est divis\u00e9 en deux secteurs de part et d\u2019autre de l\u2019axe Nancy-Metz : la partie Ouest s\u2019\u00e9tend de la vall\u00e9e de la Meuse \u00e0 la vall\u00e9e de la Moselle. Elle est limit\u00e9e par Verdun et Metz au nord et par Toul au sud. La partie Est s\u2019\u00e9tend de Ch\u00e2teau-Salins \u00e0 Sarrebourg.<\/p>\n<h4><a href=\"https:\/\/www.parc-montagnedereims.fr\/\">Le Parc naturel r\u00e9gional de la Montagne de Reims<\/a><\/h4>\n<p>Le parc abrite l\u2019ultime promontoire de l\u2019\u00cele-de-France, vieille de 70 millions d\u2019ann\u00e9es. Il est un des joyaux g\u00e9ologiques avec ses sables, ses argiles, ses calcaires.<\/p>\n<h4><a href=\"https:\/\/www.parc-vosges-nord.fr\/\">Le Parc naturel r\u00e9gional des Vosges du Nord<\/a><\/h4>\n<p>Le parc s'\u00e9tale sur un territoire des Vosges du Nord, situ\u00e9 entre Alsace et Lorraine, et parfois appel\u00e9 \"Wasgau\", terre du Nord.<\/p>\n            <\/div>\r\n    \r\n            <div post_id=\"473\" itemcount=\"2\"  header_id=\"header-1518612193827\" id=\"header-1518612193827\" style=\"\" class=\"accordions-head head1518612193827 border-none\" toggle-text=\"\" main-text=\"La F\u00e9d\u00e9ration des Parcs naturels r\u00e9gionaux de France\">\r\n                                    <span id=\"accordion-icons-1518612193827\" class=\"accordion-icons\">\r\n                        <span class=\"accordion-icon-active accordion-plus\"><i class=\"fa fa-chevron-down\"><\/i><\/span>\r\n                        <span class=\"accordion-icon-inactive accordion-minus\"><i class=\"fa fa-chevron-up\"><\/i><\/span>\r\n                    <\/span>\r\n                    <span id=\"header-text-1518612193827\" class=\"accordions-head-title\">La F\u00e9d\u00e9ration des Parcs naturels r\u00e9gionaux de France<\/span>\r\n                            <\/div>\r\n            <div class=\"accordion-content content1518612193827 \">\r\n                <p>Association loi 1901, la <span style=\"text-decoration: underline;\"><strong><a href=\"https:\/\/www.parcs-naturels-regionaux.fr\/\">F\u00e9d\u00e9ration des Parcs naturels r\u00e9gionaux de France<\/a><\/strong><\/span> est le porte-parole et l\u2019animatrice du r\u00e9seau des Parcs naturels r\u00e9gionaux. N\u00e9e en 1971, elle r\u00e9pond depuis aux besoins des Parcs- \u00e9lus et techniciens - d'\u00e9changer, de confronter les probl\u00e8mes rencontr\u00e9s, de se forger une doctrine et des m\u00e9thodes communes, de faire connaitre ses acquis et de dessiner ensemble l'avenir. Elle regroupe tous les Parcs naturels r\u00e9gionaux, les R\u00e9gions, et les partenaires nationaux des Parcs.<\/p>\n<p style=\"text-align: center;\">Carte des 59 Parcs naturels r\u00e9gionaux de France - F\u00e9d\u00e9ration des Parcs naturels r\u00e9gionaux<\/p>\n<p><img decoding=\"async\" class=\"aligncenter wp-image-5310 size-large\" src=\"https:\/\/amis-parc-foret-orient.fr\/wp-content\/uploads\/2026\/03\/Carte-des-59-Parcs-naturels-regionaux-de-France-en-2026-Federation-des-PNR-de-France-724x1024.jpg\" alt=\"\" width=\"640\" height=\"905\" srcset=\"https:\/\/amis-parc-foret-orient.fr\/wp-content\/uploads\/2026\/03\/Carte-des-59-Parcs-naturels-regionaux-de-France-en-2026-Federation-des-PNR-de-France-724x1024.jpg 724w, https:\/\/amis-parc-foret-orient.fr\/wp-content\/uploads\/2026\/03\/Carte-des-59-Parcs-naturels-regionaux-de-France-en-2026-Federation-des-PNR-de-France-212x300.jpg 212w, https:\/\/amis-parc-foret-orient.fr\/wp-content\/uploads\/2026\/03\/Carte-des-59-Parcs-naturels-regionaux-de-France-en-2026-Federation-des-PNR-de-France-768x1087.jpg 768w, https:\/\/amis-parc-foret-orient.fr\/wp-content\/uploads\/2026\/03\/Carte-des-59-Parcs-naturels-regionaux-de-France-en-2026-Federation-des-PNR-de-France-1085x1536.jpg 1085w, https:\/\/amis-parc-foret-orient.fr\/wp-content\/uploads\/2026\/03\/Carte-des-59-Parcs-naturels-regionaux-de-France-en-2026-Federation-des-PNR-de-France.jpg 1240w\" sizes=\"(max-width: 640px) 100vw, 640px\" \/><\/p>\n            <\/div>\r\n    <\/div>\r\n\r\n\r\n\r\n            <\/div>\n","protected":false},"excerpt":{"rendered":"","protected":false},"author":1,"featured_media":0,"parent":20,"menu_order":4,"comment_status":"closed","ping_status":"closed","template":"","meta":{"footnotes":"","_wp_rev_ctl_limit":""},"class_list":["post-34","page","type-page","status-publish","hentry"],"yoast_head":"<!-- This site is optimized with the Yoast SEO plugin v27.4 - https:\/\/yoast.com\/product\/yoast-seo-wordpress\/ -->\n<title>Le PNRFO et les autres Parcs naturels r\u00e9gionaux du Grand Est et de France - Les Amis du Parc de la For\u00eat d&#039;Orient<\/title>\n<meta name=\"robots\" content=\"index, follow, max-snippet:-1, max-image-preview:large, max-video-preview:-1\" \/>\n<link rel=\"canonical\" href=\"https:\/\/amis-parc-foret-orient.fr\/index.php\/notre-association\/connaitre-les-parcs\/\" \/>\n<meta property=\"og:locale\" content=\"fr_FR\" \/>\n<meta property=\"og:type\" content=\"article\" \/>\n<meta property=\"og:title\" content=\"Le PNRFO et les autres Parcs naturels r\u00e9gionaux du Grand Est et de France - Les Amis du Parc de la For\u00eat d&#039;Orient\" \/>\n<meta property=\"og:url\" content=\"https:\/\/amis-parc-foret-orient.fr\/index.php\/notre-association\/connaitre-les-parcs\/\" \/>\n<meta property=\"og:site_name\" content=\"Les Amis du Parc de la For\u00eat d&#039;Orient\" \/>\n<meta property=\"article:publisher\" content=\"https:\/\/www.facebook.com\/Amis.du.Parc\/\" \/>\n<meta property=\"article:modified_time\" content=\"2026-03-04T10:28:18+00:00\" \/>\n<meta name=\"twitter:card\" content=\"summary_large_image\" \/>\n<meta name=\"twitter:label1\" content=\"Dur\u00e9e de lecture estim\u00e9e\" \/>\n\t<meta name=\"twitter:data1\" content=\"1 minute\" \/>\n<script type=\"application\/ld+json\" class=\"yoast-schema-graph\">{\"@context\":\"https:\\\/\\\/schema.org\",\"@graph\":[{\"@type\":\"WebPage\",\"@id\":\"https:\\\/\\\/amis-parc-foret-orient.fr\\\/index.php\\\/notre-association\\\/connaitre-les-parcs\\\/\",\"url\":\"https:\\\/\\\/amis-parc-foret-orient.fr\\\/index.php\\\/notre-association\\\/connaitre-les-parcs\\\/\",\"name\":\"Le PNRFO et les autres Parcs naturels r\u00e9gionaux du Grand Est et de France - Les Amis du Parc de la For\u00eat d&#039;Orient\",\"isPartOf\":{\"@id\":\"https:\\\/\\\/amis-parc-foret-orient.fr\\\/#website\"},\"datePublished\":\"2018-01-09T09:01:38+00:00\",\"dateModified\":\"2026-03-04T10:28:18+00:00\",\"breadcrumb\":{\"@id\":\"https:\\\/\\\/amis-parc-foret-orient.fr\\\/index.php\\\/notre-association\\\/connaitre-les-parcs\\\/#breadcrumb\"},\"inLanguage\":\"fr-FR\",\"potentialAction\":[{\"@type\":\"ReadAction\",\"target\":[\"https:\\\/\\\/amis-parc-foret-orient.fr\\\/index.php\\\/notre-association\\\/connaitre-les-parcs\\\/\"]}]},{\"@type\":\"BreadcrumbList\",\"@id\":\"https:\\\/\\\/amis-parc-foret-orient.fr\\\/index.php\\\/notre-association\\\/connaitre-les-parcs\\\/#breadcrumb\",\"itemListElement\":[{\"@type\":\"ListItem\",\"position\":1,\"name\":\"Home\",\"item\":\"https:\\\/\\\/amis-parc-foret-orient.fr\\\/\"},{\"@type\":\"ListItem\",\"position\":2,\"name\":\"D\u00e9couvrir l&rsquo;association des Amis du Parc\",\"item\":\"https:\\\/\\\/amis-parc-foret-orient.fr\\\/index.php\\\/notre-association\\\/\"},{\"@type\":\"ListItem\",\"position\":3,\"name\":\"Le PNRFO et les autres Parcs naturels r\u00e9gionaux du Grand Est et de France\"}]},{\"@type\":\"WebSite\",\"@id\":\"https:\\\/\\\/amis-parc-foret-orient.fr\\\/#website\",\"url\":\"https:\\\/\\\/amis-parc-foret-orient.fr\\\/\",\"name\":\"Les Amis du Parc de la For\u00eat d'Orient\",\"description\":\"\",\"publisher\":{\"@id\":\"https:\\\/\\\/amis-parc-foret-orient.fr\\\/#organization\"},\"potentialAction\":[{\"@type\":\"SearchAction\",\"target\":{\"@type\":\"EntryPoint\",\"urlTemplate\":\"https:\\\/\\\/amis-parc-foret-orient.fr\\\/?s={search_term_string}\"},\"query-input\":{\"@type\":\"PropertyValueSpecification\",\"valueRequired\":true,\"valueName\":\"search_term_string\"}}],\"inLanguage\":\"fr-FR\"},{\"@type\":\"Organization\",\"@id\":\"https:\\\/\\\/amis-parc-foret-orient.fr\\\/#organization\",\"name\":\"Les Amis du Parc de la For\u00eat d'Orient\",\"url\":\"https:\\\/\\\/amis-parc-foret-orient.fr\\\/\",\"logo\":{\"@type\":\"ImageObject\",\"inLanguage\":\"fr-FR\",\"@id\":\"https:\\\/\\\/amis-parc-foret-orient.fr\\\/#\\\/schema\\\/logo\\\/image\\\/\",\"url\":\"https:\\\/\\\/amis-parc-foret-orient.fr\\\/wp-content\\\/uploads\\\/2025\\\/08\\\/cropped-logo_amis_parc_2025_150-1-1.png\",\"contentUrl\":\"https:\\\/\\\/amis-parc-foret-orient.fr\\\/wp-content\\\/uploads\\\/2025\\\/08\\\/cropped-logo_amis_parc_2025_150-1-1.png\",\"width\":400,\"height\":175,\"caption\":\"Les Amis du Parc de la For\u00eat d'Orient\"},\"image\":{\"@id\":\"https:\\\/\\\/amis-parc-foret-orient.fr\\\/#\\\/schema\\\/logo\\\/image\\\/\"},\"sameAs\":[\"https:\\\/\\\/www.facebook.com\\\/Amis.du.Parc\\\/\"]}]}<\/script>\n<!-- \/ Yoast SEO plugin. -->","yoast_head_json":{"title":"Le PNRFO et les autres Parcs naturels r\u00e9gionaux du Grand Est et de France - Les Amis du Parc de la For\u00eat d&#039;Orient","robots":{"index":"index","follow":"follow","max-snippet":"max-snippet:-1","max-image-preview":"max-image-preview:large","max-video-preview":"max-video-preview:-1"},"canonical":"https:\/\/amis-parc-foret-orient.fr\/index.php\/notre-association\/connaitre-les-parcs\/","og_locale":"fr_FR","og_type":"article","og_title":"Le PNRFO et les autres Parcs naturels r\u00e9gionaux du Grand Est et de France - Les Amis du Parc de la For\u00eat d&#039;Orient","og_url":"https:\/\/amis-parc-foret-orient.fr\/index.php\/notre-association\/connaitre-les-parcs\/","og_site_name":"Les Amis du Parc de la For\u00eat d&#039;Orient","article_publisher":"https:\/\/www.facebook.com\/Amis.du.Parc\/","article_modified_time":"2026-03-04T10:28:18+00:00","twitter_card":"summary_large_image","twitter_misc":{"Dur\u00e9e de lecture estim\u00e9e":"1 minute"},"schema":{"@context":"https:\/\/schema.org","@graph":[{"@type":"WebPage","@id":"https:\/\/amis-parc-foret-orient.fr\/index.php\/notre-association\/connaitre-les-parcs\/","url":"https:\/\/amis-parc-foret-orient.fr\/index.php\/notre-association\/connaitre-les-parcs\/","name":"Le PNRFO et les autres Parcs naturels r\u00e9gionaux du Grand Est et de France - Les Amis du Parc de la For\u00eat d&#039;Orient","isPartOf":{"@id":"https:\/\/amis-parc-foret-orient.fr\/#website"},"datePublished":"2018-01-09T09:01:38+00:00","dateModified":"2026-03-04T10:28:18+00:00","breadcrumb":{"@id":"https:\/\/amis-parc-foret-orient.fr\/index.php\/notre-association\/connaitre-les-parcs\/#breadcrumb"},"inLanguage":"fr-FR","potentialAction":[{"@type":"ReadAction","target":["https:\/\/amis-parc-foret-orient.fr\/index.php\/notre-association\/connaitre-les-parcs\/"]}]},{"@type":"BreadcrumbList","@id":"https:\/\/amis-parc-foret-orient.fr\/index.php\/notre-association\/connaitre-les-parcs\/#breadcrumb","itemListElement":[{"@type":"ListItem","position":1,"name":"Home","item":"https:\/\/amis-parc-foret-orient.fr\/"},{"@type":"ListItem","position":2,"name":"D\u00e9couvrir l&rsquo;association des Amis du Parc","item":"https:\/\/amis-parc-foret-orient.fr\/index.php\/notre-association\/"},{"@type":"ListItem","position":3,"name":"Le PNRFO et les autres Parcs naturels r\u00e9gionaux du Grand Est et de France"}]},{"@type":"WebSite","@id":"https:\/\/amis-parc-foret-orient.fr\/#website","url":"https:\/\/amis-parc-foret-orient.fr\/","name":"Les Amis du Parc de la For\u00eat d'Orient","description":"","publisher":{"@id":"https:\/\/amis-parc-foret-orient.fr\/#organization"},"potentialAction":[{"@type":"SearchAction","target":{"@type":"EntryPoint","urlTemplate":"https:\/\/amis-parc-foret-orient.fr\/?s={search_term_string}"},"query-input":{"@type":"PropertyValueSpecification","valueRequired":true,"valueName":"search_term_string"}}],"inLanguage":"fr-FR"},{"@type":"Organization","@id":"https:\/\/amis-parc-foret-orient.fr\/#organization","name":"Les Amis du Parc de la For\u00eat d'Orient","url":"https:\/\/amis-parc-foret-orient.fr\/","logo":{"@type":"ImageObject","inLanguage":"fr-FR","@id":"https:\/\/amis-parc-foret-orient.fr\/#\/schema\/logo\/image\/","url":"https:\/\/amis-parc-foret-orient.fr\/wp-content\/uploads\/2025\/08\/cropped-logo_amis_parc_2025_150-1-1.png","contentUrl":"https:\/\/amis-parc-foret-orient.fr\/wp-content\/uploads\/2025\/08\/cropped-logo_amis_parc_2025_150-1-1.png","width":400,"height":175,"caption":"Les Amis du Parc de la For\u00eat d'Orient"},"image":{"@id":"https:\/\/amis-parc-foret-orient.fr\/#\/schema\/logo\/image\/"},"sameAs":["https:\/\/www.facebook.com\/Amis.du.Parc\/"]}]}},"blog_post_layout_featured_media_urls":{"thumbnail":"","full":""},"categories_names":null,"comments_number":"0","wpmagazine_modules_lite_featured_media_urls":{"thumbnail":"","cvmm-medium":"","cvmm-medium-plus":"","cvmm-portrait":"","cvmm-medium-square":"","cvmm-large":"","cvmm-small":"","full":""},"_links":{"self":[{"href":"https:\/\/amis-parc-foret-orient.fr\/index.php\/wp-json\/wp\/v2\/pages\/34","targetHints":{"allow":["GET"]}}],"collection":[{"href":"https:\/\/amis-parc-foret-orient.fr\/index.php\/wp-json\/wp\/v2\/pages"}],"about":[{"href":"https:\/\/amis-parc-foret-orient.fr\/index.php\/wp-json\/wp\/v2\/types\/page"}],"author":[{"embeddable":true,"href":"https:\/\/amis-parc-foret-orient.fr\/index.php\/wp-json\/wp\/v2\/users\/1"}],"replies":[{"embeddable":true,"href":"https:\/\/amis-parc-foret-orient.fr\/index.php\/wp-json\/wp\/v2\/comments?post=34"}],"version-history":[{"count":0,"href":"https:\/\/amis-parc-foret-orient.fr\/index.php\/wp-json\/wp\/v2\/pages\/34\/revisions"}],"up":[{"embeddable":true,"href":"https:\/\/amis-parc-foret-orient.fr\/index.php\/wp-json\/wp\/v2\/pages\/20"}],"wp:attachment":[{"href":"https:\/\/amis-parc-foret-orient.fr\/index.php\/wp-json\/wp\/v2\/media?parent=34"}],"curies":[{"name":"wp","href":"https:\/\/api.w.org\/{rel}","templated":true}]}}